{"id":36,"date":"2023-01-29T21:13:30","date_gmt":"2023-01-29T20:13:30","guid":{"rendered":"http:\/\/localhost\/lotteritsch\/index.php\/home-page\/"},"modified":"2023-03-14T22:25:23","modified_gmt":"2023-03-14T21:25:23","slug":"home-page","status":"publish","type":"page","link":"https:\/\/www.lotteritsch.at\/","title":{"rendered":"Startseite"},"content":{"rendered":"<div id=\"pl-36\"  class=\"panel-layout\" ><div id=\"pg-36-0\"  class=\"panel-grid panel-has-style\" ><div class=\"wide-grey panel-row-style panel-row-style-for-36-0\" ><div id=\"pgc-36-0-0\"  class=\"panel-grid-cell\" ><div id=\"panel-36-0-0-0\" class=\"so-panel widget widget_headline-widget panel-first-child panel-last-child\" data-index=\"0\" >\t\t<h1>Willkommen bei Lotteritsch Installationen!<\/h1>\n\t\t<div class=\"decoration\"><div class=\"decoration-inside\"><\/div><\/div>\n\t\t<h3>Sch\u00f6n, dass Sie zu uns gefunden haben! Gerne k\u00fcmmern wir uns um die Planung, Organisation und Umsetzung Ihrer gew\u00fcnschten Wohnhaussanierung, Badrenovierung bis hin zur W\u00e4rmepumpen-Installation.Mit \u00fcber 30 Jahren an Erfahrung als Installateur bringen wir ein umfangreiches Fachwissen f\u00fcr all Ihre Anliegen rund um die Sanit\u00e4r- und Heizungstechnik mit.Kontaktieren Sie uns f\u00fcr ein pers\u00f6nliches Gespr\u00e4ch: <a href=\"tel:+436641822188\">0664-1822188<\/a>.<\/h3>\n\t\t<\/div><\/div><\/div><\/div><div id=\"pg-36-1\"  class=\"panel-grid panel-no-style\" ><div id=\"pgc-36-1-0\"  class=\"panel-grid-cell\" ><div id=\"panel-36-1-0-0\" class=\"so-panel widget widget_circleicon-widget panel-first-child panel-last-child\" data-index=\"1\" >\t\t<div class=\"circle-icon-box circle-icon-position-top circle-icon-hide-box circle-icon-size-small \">\n\t\t\t\t\t\t\t<div class=\"circle-icon-wrapper\">\n\t\t\t\t\t\t\t\t\t\t<div class=\"circle-icon\" >\n\t\t\t\t\t\t\t\t\t\t\t\t\t<div\n\t\t\t\t\t\t\t\tclass=\"fa fa-wrench\"\n\t\t\t\t\t\t\t\t\t\t\t\t\t\t\t><\/div>\n\t\t\t\t\t\t\t\t\t\t\t<\/div>\n\t\t\t\t\t\t\t\t\t<\/div>\n\t\t\t\n\t\t\t\t\t\t\t\t\t\t<h4 >\n\t\t\t\t\tHier ist der Chef pers\u00f6nlich am Werk\t\t\t\t<\/h4>\n\t\t\t\t\t\t\n\t\t\t\t\t\t\t<p class=\"text\" >\n\t\t\t\tErfahrung und Wissen machen den Unterschied: Durch unsere sorgf\u00e4ltige Beratung und die professionelle technische Umsetzung bekommt Ihr Installations-Projekt seine ganz pers\u00f6nliche Note. Damit Ihr Zuhause noch sch\u00f6ner und auch praktischer wird.\t\t\t<\/p>\n\t\t\t\t\t\t\t\t\t\t<a\n\t\t\t\t\thref=\"\/index.php\/peter-lotteritsch\"\n\t\t\t\t\tclass=\"more-button\"\n\t\t\t\t\t\t\t\t\t>\n\t\t\t\t\t\u00dcber Peter Lotteritsch\t\t\t\t\t<i><\/i>\n\t\t\t\t<\/a>\n\t\t\t\t\t<\/div>\n\t\t<\/div><\/div><div id=\"pgc-36-1-1\"  class=\"panel-grid-cell\" ><div id=\"panel-36-1-1-0\" class=\"so-panel widget widget_circleicon-widget panel-first-child panel-last-child\" data-index=\"2\" >\t\t<div class=\"circle-icon-box circle-icon-position-top circle-icon-hide-box circle-icon-size-small \">\n\t\t\t\t\t\t\t<div class=\"circle-icon-wrapper\">\n\t\t\t\t\t\t\t\t\t\t<div class=\"circle-icon\" >\n\t\t\t\t\t\t\t\t\t\t\t\t\t<div\n\t\t\t\t\t\t\t\tclass=\"fa fa-check\"\n\t\t\t\t\t\t\t\t\t\t\t\t\t\t\t><\/div>\n\t\t\t\t\t\t\t\t\t\t\t<\/div>\n\t\t\t\t\t\t\t\t\t<\/div>\n\t\t\t\n\t\t\t\t\t\t\t\t\t\t<h4 >\n\t\t\t\t\tSaubere L\u00f6sungen\t\t\t\t<\/h4>\n\t\t\t\t\t\t\n\t\t\t\t\t\t\t<p class=\"text\" >\n\t\t\t\tWir liefern Ihnen rundum saubere Arbeit, beraten Sie zuverl\u00e4ssig, sind p\u00fcnktlich da und zum vereinbarten Termin fertig. Damit Sie lange Zeit Freude an Ihren Installationen haben.\u201c\t\t\t<\/p>\n\t\t\t\t\t\t\t\t\t\t<a\n\t\t\t\t\thref=\"\/index.php\/loesungen\"\n\t\t\t\t\tclass=\"more-button\"\n\t\t\t\t\t\t\t\t\t>\n\t\t\t\t\tZu unseren L\u00f6sungen\t\t\t\t\t<i><\/i>\n\t\t\t\t<\/a>\n\t\t\t\t\t<\/div>\n\t\t<\/div><\/div><div id=\"pgc-36-1-2\"  class=\"panel-grid-cell\" ><div id=\"panel-36-1-2-0\" class=\"so-panel widget widget_circleicon-widget panel-first-child panel-last-child\" data-index=\"3\" >\t\t<div class=\"circle-icon-box circle-icon-position-top circle-icon-hide-box circle-icon-size-small \">\n\t\t\t\t\t\t\t<div class=\"circle-icon-wrapper\">\n\t\t\t\t\t\t\t\t\t\t<div class=\"circle-icon\" >\n\t\t\t\t\t\t\t\t\t\t\t\t\t<div\n\t\t\t\t\t\t\t\tclass=\"fa fa-calendar\"\n\t\t\t\t\t\t\t\t\t\t\t\t\t\t\t><\/div>\n\t\t\t\t\t\t\t\t\t\t\t<\/div>\n\t\t\t\t\t\t\t\t\t<\/div>\n\t\t\t\n\t\t\t\t\t\t\t\t\t\t<h4 >\n\t\t\t\t\tUnsere Projekte\t\t\t\t<\/h4>\n\t\t\t\t\t\t\n\t\t\t\t\t\t\t<p class=\"text\" >\n\t\t\t\tUm Ihnen einen Einblick zu geben, finden Sie hier einige unserer bisherigen Projekte. Saubere L\u00f6sungen sind unsere Philosophie.\t\t\t<\/p>\n\t\t\t\t\t\t\t\t\t\t<a\n\t\t\t\t\thref=\"\/index.php\/projekte\"\n\t\t\t\t\tclass=\"more-button\"\n\t\t\t\t\t\t\t\t\t>\n\t\t\t\t\tZu den Projekten\t\t\t\t\t<i><\/i>\n\t\t\t\t<\/a>\n\t\t\t\t\t<\/div>\n\t\t<\/div><\/div><\/div><\/div>","protected":false},"excerpt":{"rendered":"<p>Willkommen bei Lotteritsch Installationen! Sch\u00f6n, dass Sie zu uns gefunden haben! Gerne k\u00fcmmern wir uns um die Planung, Organisation und Umsetzung Ihrer gew\u00fcnschten Wohnhaussanierung, Badrenovierung bis hin zur W\u00e4rmepumpen-Installation.Mit \u00fcber 30 Jahren an Erfahrung als Installateur bringen wir ein umfangreiches Fachwissen f\u00fcr all Ihre Anliegen rund um die Sanit\u00e4r- und Heizungstechnik mit.Kontaktieren Sie uns f\u00fcr [&hellip;]<\/p>\n","protected":false},"author":1,"featured_media":0,"parent":0,"menu_order":0,"comment_status":"closed","ping_status":"closed","template":"home-panels.php","meta":{"ngg_post_thumbnail":0,"footnotes":""},"class_list":["post-36","page","type-page","status-publish","hentry","post"],"_links":{"self":[{"href":"https:\/\/www.lotteritsch.at\/index.php\/wp-json\/wp\/v2\/pages\/36","targetHints":{"allow":["GET"]}}],"collection":[{"href":"https:\/\/www.lotteritsch.at\/index.php\/wp-json\/wp\/v2\/pages"}],"about":[{"href":"https:\/\/www.lotteritsch.at\/index.php\/wp-json\/wp\/v2\/types\/page"}],"author":[{"embeddable":true,"href":"https:\/\/www.lotteritsch.at\/index.php\/wp-json\/wp\/v2\/users\/1"}],"replies":[{"embeddable":true,"href":"https:\/\/www.lotteritsch.at\/index.php\/wp-json\/wp\/v2\/comments?post=36"}],"version-history":[{"count":29,"href":"https:\/\/www.lotteritsch.at\/index.php\/wp-json\/wp\/v2\/pages\/36\/revisions"}],"predecessor-version":[{"id":270,"href":"https:\/\/www.lotteritsch.at\/index.php\/wp-json\/wp\/v2\/pages\/36\/revisions\/270"}],"wp:attachment":[{"href":"https:\/\/www.lotteritsch.at\/index.php\/wp-json\/wp\/v2\/media?parent=36"}],"curies":[{"name":"wp","href":"https:\/\/api.w.org\/{rel}","templated":true}]}}